{"id":5901,"date":"2016-07-28T11:00:13","date_gmt":"2016-07-28T09:00:13","guid":{"rendered":"https:\/\/einercial.com\/en\/faq-preguntas-frecuentes\/"},"modified":"2022-06-20T11:44:55","modified_gmt":"2022-06-20T09:44:55","slug":"faq-online-store","status":"publish","type":"page","link":"https:\/\/einercial.com\/en\/faq-online-store\/","title":{"rendered":"FAQ (Online store)"},"content":{"rendered":"<p><strong>\u00bfC\u00d3MO PUEDO ASEGURARME DE HABER REALIZADO BIEN MI COMPRA?<\/strong><br \/>\nCuando hayas realizado tu pedido recibir\u00e1s un email de confirmaci\u00f3n. Si no lo recibes, ponte en contacto con nosotros en el 659910685 o en el correo info@einercial.com<\/p>\n<p><strong>\u00bfVEND\u00c9IS EN TODA ESPA\u00d1A?<\/strong><br \/>\nSi vendemos en toda Espa\u00f1a y en el extranjero.<\/p>\n<p><strong>\u00bfES NECESARIO REGISTRARSE PARA COMPRAR?<\/strong><br \/>\nNo. Puedes hacer una compra como invitado de manera que no conservaremos tus datos personales una vez que se sirva tu pedido<\/p>\n<p><strong>\u00bfQU\u00c9 USO SE VA A HACER CON MIS DATOS?<\/strong><br \/>\nInercial Performance se compromete a usar solamente tus datos para enviarte el pedido a tu casa y poder hacer todas las gestiones necesarias. No cedemos tus datos a terceras compa\u00f1\u00edas para que te manden publicidad y cumplimos la LOPD.<\/p>\n<p><strong>\u00bfPUEDO HACER ALGUNA INDICACI\u00d3N EN LA DIRECCI\u00d3N DE ENTREGA?\u2028<\/strong><br \/>\nSi. Puedes diferenciar la direcci\u00f3n de entrega de la de facturaci\u00f3n. Del mismo modo puedes incluir nuevas direcciones de env\u00edo y enviar tus pedidos a la que selecciones en el proceso de compra.<\/p>\n<p><strong>\u00bfCU\u00c1NTO TARDAR EN LLEGAR MI PEDIDO?<\/strong><br \/>\nEl pedido llegar\u00e1 a tu casa de 3 a 5 d\u00edas, en horas de d\u00edas laborables una vez est\u00e9 confirmado tu pedido.<\/p>\n<p><strong>\u00bfCU\u00c1L ES EL PROCESO DE LA ENTREGA EN DOMICILIO?<\/strong><br \/>\nDesde la empresa de transporte te llamaran el d\u00eda de la entrega para confirmar que est\u00e1s en casa. Una vez entregados todos los productos, el transportista te mostrar\u00e1 un albar\u00e1n que deber\u00e1s firmar para la confirmaci\u00f3n de la recepci\u00f3n de todos los productos. En caso de que cuando llegue el pedido no est\u00e9s en casa, se pasar\u00e1n en otro momento para hacerte llegar la mercanc\u00eda.<\/p>\n<p><strong>\u00bfQU\u00c9 DEBO HACER SI ME LLEGA UN ART\u00cdCULO INCORRECTO?\u2028<\/strong><br \/>\nTe recomendamos que en momento de la entrega revises que has recibido todos los productos de tu pedido. Si descubres, no obstante, que alg\u00fan art\u00edculo no corresponde a tu compra ll\u00e1manos al 659910685 o env\u00eda un email a info@einercial.com<\/p>\n<p><strong>\u00bfQU\u00c9 DEBO HACER SI ME LLEGA UNA BOTELLA ROTA?<\/strong><br \/>\nSi el pedido que has realizado tiene una botella rota, no dudes en ponerte en contacto con nosotros y procederemos a cambi\u00e1rtelo sin que tenga ning\u00fan coste para ti, te lo recogeremos en casa. Para todo ello ll\u00e1manos al 659910685 o env\u00eda un email a info@einercial.com<\/p>\n<p><strong>\u00bfCU\u00c1NTO HE DE PAGAR DE GASTOS DE ENV\u00cdO?\u2028<\/strong><br \/>\nLos equipos RSP CONIC, RSP ISQUIO, RSP WAL, RSP SQUAT y RSP ENCODER tienen los portes pagos dentro de la Pen\u00ednsula Ib\u00e9rica. Los accesorios y recambios tienen un coste de env\u00edo en la Pen\u00ednsula de 4.95\u20ac y por pedidos superiores a los 100\u20ac de compra en accesorios y recambios, el coste del env\u00edo es gratuito. Los env\u00edos de los equipos anteriormente mencionados junto con los accesorios y recambios, si son fuera de la pen\u00ednsula o al extranjero, el coste de los portes ser\u00e1 a consultar.<\/p>\n<p><strong>\u00bfC\u00d3MO DEBO HACER SI EL IMPORTE DE MI DEVOLUCI\u00d3N ES INCORRECTO?\u2028<\/strong><br \/>\nEn principio es muy dif\u00edcil que esto ocurra, sin embargo, somos humanos y podemos cometer errores. Ponte en contacto en ese caso con nosotros en el tel\u00e9fono 659910685 o trav\u00e9s del correo info@einercial.com . Recuerda siempre tener a mano el n\u00famero de pedido. Te solicitaremos en ese momento tus datos personales para comprobar el estado del mismo.<\/p>\n<p><strong>\u00bfC\u00d3MO RECIBIR\u00c9 EL IMPORTE DE MI DEVOLUCI\u00d3N?\u2028<\/strong><br \/>\nRecibir\u00e1s el importe en el mismo modo en que abonaste el pedido.<\/p>\n<p><strong>\u00bfCU\u00c1L ES EL PLAZO PARA PODER REALIZAR UNA DEVOLUCI\u00d3N?\u2028<\/strong><br \/>\nEl plazo para cualquier devoluci\u00f3n es de 7 d\u00edas despu\u00e9s de la entrega.<\/p>\n<p><strong>\u00bfC\u00d3MO DEBO HACER PARA DEVOLVER UN ART\u00cdCULO?\u2028<\/strong><br \/>\nLl\u00e1manos al 659910685 y te indicaremos c\u00f3mo puedes proceder. Si la devoluci\u00f3n es por un defecto del art\u00edculo o por ser incorrecto debes notificarlo en los 5 d\u00edas posteriores a la recepci\u00f3n del pedido, te lo retiraremos gratuitamente, si es por otro motivo, te lo recogeremos igualmente pero t\u00fa correr\u00e1s con los gastos de transporte.<\/p>\n<p><strong>\u00bfSE RECIBE FACTURA DE COMPRA CON EL PEDIDO?<\/strong><br \/>\nLa factura se te env\u00eda autom\u00e1ticamente con tu pedido, una vez que has hecho el pago. La ver\u00e1s adjunta al email que te env\u00eda el sistema una vez confirmas tu pedido y dentro del propio pedido.<\/p>\n<p><strong>\u00bfES SEGURO USAR MI TARJETA DE CR\u00c9DITO EN LA WEB?<\/strong><br \/>\nS\u00ed, los datos se transmiten de forma encriptada SSL. Inercial Performance se ajusta a todos los protocolos de seguridad existentes en la actualidad. Puedes sentirte totalmente c\u00f3modo en nuestra web.<\/p>\n<p><strong>\u00bfINCLUYEN LOS PRECIOS EL IVA?<\/strong><br \/>\nNO, los precios son sin I.V.A<\/p>\n<p><strong>\u00bfC\u00d3MO PUEDO PAGAR MI COMPRA?\u2028<\/strong><br \/>\nDisponemos de los siguientes medios de pago:\u2028- Tarjetas de d\u00e9bito y cr\u00e9dito.\u2028- Transferencia.\u2028-<\/p>\n","protected":false},"excerpt":{"rendered":"<p>\u00bfC\u00d3MO PUEDO ASEGURARME DE HABER REALIZADO BIEN MI COMPRA? Cuando hayas realizado tu pedido recibir\u00e1s un email de confirmaci\u00f3n. Si no lo recibes, ponte en contacto con nosotros en el 659910685 o en el correo info@einercial.com \u00bfVEND\u00c9IS EN TODA ESPA\u00d1A? Si vendemos en toda Espa\u00f1a y en el extranjero. \u00bfES NECESARIO REGISTRARSE PARA COMPRAR? No. [&hellip;]<\/p>\n","protected":false},"author":1,"featured_media":0,"parent":0,"menu_order":0,"comment_status":"closed","ping_status":"closed","template":"","meta":[],"yoast_head":"<!-- This site is optimized with the Yoast SEO plugin v15.8 - https:\/\/yoast.com\/wordpress\/plugins\/seo\/ -->\n<title>FAQ (Online store) - RSP. Tecnolog\u00eda inercial<\/title>\n<meta name=\"robots\" content=\"index, follow, max-snippet:-1, max-image-preview:large, max-video-preview:-1\" \/>\n<link rel=\"canonical\" href=\"https:\/\/einercial.com\/en\/faq-online-store\/\" \/>\n<meta property=\"og:locale\" content=\"en_US\" \/>\n<meta property=\"og:type\" content=\"article\" \/>\n<meta property=\"og:title\" content=\"FAQ (Online store) - RSP. Tecnolog\u00eda inercial\" \/>\n<meta property=\"og:description\" content=\"\u00bfC\u00d3MO PUEDO ASEGURARME DE HABER REALIZADO BIEN MI COMPRA? Cuando hayas realizado tu pedido recibir\u00e1s un email de confirmaci\u00f3n. Si no lo recibes, ponte en contacto con nosotros en el 659910685 o en el correo info@einercial.com \u00bfVEND\u00c9IS EN TODA ESPA\u00d1A? Si vendemos en toda Espa\u00f1a y en el extranjero. \u00bfES NECESARIO REGISTRARSE PARA COMPRAR? No. [&hellip;]\" \/>\n<meta property=\"og:url\" content=\"https:\/\/einercial.com\/en\/faq-online-store\/\" \/>\n<meta property=\"og:site_name\" content=\"RSP. Tecnolog\u00eda inercial\" \/>\n<meta property=\"article:modified_time\" content=\"2022-06-20T09:44:55+00:00\" \/>\n<meta name=\"twitter:card\" content=\"summary_large_image\" \/>\n<meta name=\"twitter:label1\" content=\"Est. reading time\">\n\t<meta name=\"twitter:data1\" content=\"4 minutes\">\n<script type=\"application\/ld+json\" class=\"yoast-schema-graph\">{\"@context\":\"https:\/\/schema.org\",\"@graph\":[{\"@type\":\"Organization\",\"@id\":\"https:\/\/einercial.com\/#organization\",\"name\":\"RSP Inercial Performance\",\"url\":\"https:\/\/einercial.com\/\",\"sameAs\":[],\"logo\":{\"@type\":\"ImageObject\",\"@id\":\"https:\/\/einercial.com\/#logo\",\"inLanguage\":\"en-US\",\"url\":\"https:\/\/einercial.com\/wp-content\/uploads\/2017\/09\/LOGO_300.png\",\"width\":300,\"height\":162,\"caption\":\"RSP Inercial Performance\"},\"image\":{\"@id\":\"https:\/\/einercial.com\/#logo\"}},{\"@type\":\"WebSite\",\"@id\":\"https:\/\/einercial.com\/#website\",\"url\":\"https:\/\/einercial.com\/\",\"name\":\"RSP. Tecnolog\\u00eda inercial\",\"description\":\"Fabricante de M\\u00e1quinas inerciales (isoinercial)\",\"publisher\":{\"@id\":\"https:\/\/einercial.com\/#organization\"},\"potentialAction\":[{\"@type\":\"SearchAction\",\"target\":\"https:\/\/einercial.com\/?s={search_term_string}\",\"query-input\":\"required name=search_term_string\"}],\"inLanguage\":\"en-US\"},{\"@type\":\"WebPage\",\"@id\":\"https:\/\/einercial.com\/en\/faq-online-store\/#webpage\",\"url\":\"https:\/\/einercial.com\/en\/faq-online-store\/\",\"name\":\"FAQ (Online store) - RSP. Tecnolog\\u00eda inercial\",\"isPartOf\":{\"@id\":\"https:\/\/einercial.com\/#website\"},\"datePublished\":\"2016-07-28T09:00:13+00:00\",\"dateModified\":\"2022-06-20T09:44:55+00:00\",\"breadcrumb\":{\"@id\":\"https:\/\/einercial.com\/en\/faq-online-store\/#breadcrumb\"},\"inLanguage\":\"en-US\",\"potentialAction\":[{\"@type\":\"ReadAction\",\"target\":[\"https:\/\/einercial.com\/en\/faq-online-store\/\"]}]},{\"@type\":\"BreadcrumbList\",\"@id\":\"https:\/\/einercial.com\/en\/faq-online-store\/#breadcrumb\",\"itemListElement\":[{\"@type\":\"ListItem\",\"position\":1,\"item\":{\"@type\":\"WebPage\",\"@id\":\"https:\/\/einercial.com\/en\/home\/\",\"url\":\"https:\/\/einercial.com\/en\/home\/\",\"name\":\"Home\"}},{\"@type\":\"ListItem\",\"position\":2,\"item\":{\"@type\":\"WebPage\",\"@id\":\"https:\/\/einercial.com\/en\/faq-online-store\/\",\"url\":\"https:\/\/einercial.com\/en\/faq-online-store\/\",\"name\":\"FAQ (Online store)\"}}]}]}<\/script>\n<!-- \/ Yoast SEO plugin. -->","_links":{"self":[{"href":"https:\/\/einercial.com\/en\/wp-json\/wp\/v2\/pages\/5901"}],"collection":[{"href":"https:\/\/einercial.com\/en\/wp-json\/wp\/v2\/pages"}],"about":[{"href":"https:\/\/einercial.com\/en\/wp-json\/wp\/v2\/types\/page"}],"author":[{"embeddable":true,"href":"https:\/\/einercial.com\/en\/wp-json\/wp\/v2\/users\/1"}],"replies":[{"embeddable":true,"href":"https:\/\/einercial.com\/en\/wp-json\/wp\/v2\/comments?post=5901"}],"version-history":[{"count":1,"href":"https:\/\/einercial.com\/en\/wp-json\/wp\/v2\/pages\/5901\/revisions"}],"predecessor-version":[{"id":15645,"href":"https:\/\/einercial.com\/en\/wp-json\/wp\/v2\/pages\/5901\/revisions\/15645"}],"wp:attachment":[{"href":"https:\/\/einercial.com\/en\/wp-json\/wp\/v2\/media?parent=5901"}],"curies":[{"name":"wp","href":"https:\/\/api.w.org\/{rel}","templated":true}]}}