{"id":4948,"date":"2014-03-02T19:24:21","date_gmt":"2014-03-02T18:24:21","guid":{"rendered":"https:\/\/einercial.com\/entrenamiento-2\/"},"modified":"2015-02-12T17:57:08","modified_gmt":"2015-02-12T16:57:08","slug":"entrenamiento","status":"publish","type":"page","link":"https:\/\/einercial.com\/en\/entrenamiento\/","title":{"rendered":"TRAINING"},"content":{"rendered":"<p>[slider type=&#8221;big1&#8243; id=&#8221;1&#8243;]<\/p>\n<p>[separator up=&#8221;30&#8243; down=&#8221;25&#8243;]<\/p>\n<p>[tabs tab1=&#8221;Quienes somos&#8221; tab2=&#8221;Principios RSP&#8221; tab3=&#8221;Estructura del trabajo&#8221; tab4=&#8221;Metodo de trabajo&#8221; tab5=&#8221;Que ofrecemos&#8221;]<br \/>\n[tab id=1]<br \/>\n<br \/>\n[three_columns]<\/p>\n<p>[column1]<\/p>\n<p>[service type=&#8221;top&#8221; title=&#8221;RSP&#8221;]<\/p>\n<h5>Rsport performance<\/h5>\n<p>RSP es un centro de entrenamiento que tiene como objetivo mejorar las capacidades f\u00edsicas de sus usuarios. Utilizamos para ello las l\u00edneas m\u00e1s actuales de entrenamiento deportivo que unidas a nuestra experiencia y trabajo, mejoran la salud y la calidad de vida de las personas.<\/p>\n<p>[\/service]<\/p>\n<p>[\/column1]<\/p>\n<p>[column2]<\/p>\n<p>[service type=&#8221;top&#8221; title=&#8221;Objetivo&#8221;]<\/p>\n<h5>Nuestro objetivo<\/h5>\n<p>Tenemos un doble objetivo, por un lado garantizar la calidad en todos los procesos y por otro, tratar de optimizar todo el proceso de entrenamiento aprovechando el tiempo de trabajo al m\u00e1ximo para que el nivel de forma mejore en los plazos previstos.<\/p>\n<p>[\/service]<\/p>\n<p>[\/column2]<\/p>\n<p>[column3]<\/p>\n<p>[service type=&#8221;top&#8221; title=&#8221;Proceso&#8221;]<\/p>\n<h5>Proceso de entrenamiento<\/h5>\n<p>Mejora continua y actualizaci\u00f3n permanente. Partiendo del nivel de forma inicial, vamos trabajando y adaptando los ejercicios y cargas siguiendo las pautas marcadas por la teor\u00eda del entrenamiento deportivo, hasta lograr los objetivos deseados.<\/p>\n<p>[\/service]<\/p>\n<p>[\/column3]<\/p>\n<p>[\/three_columns]<\/p>\n<p>[\/tab]<\/p>\n<p>[tab id=2]<br \/>\n<br \/>\n[three_columns]<\/p>\n<p>[column1]<\/p>\n<p>[service type=&#8221;top&#8221; title=&#8221;Progresi\u00f3n&#8221;]<\/p>\n<h5>Progresi\u00f3n<\/h5>\n<p>El entrenamiento es un proceso vivo y de mejora continua que requiere continuos ajustes y cambios a lo largo del tiempo para lograr la calidad esperada y los objetivos propuestos.<\/p>\n<p>[\/service]<\/p>\n<p>[\/column1]<\/p>\n<p>[column2]<\/p>\n<p>[service type=&#8221;top&#8221; title=&#8221;Respeto&#8221;]<\/p>\n<h5>Respeto<\/h5>\n<p>Simplemente interesa que la persona mejore, tratando de establecer el mejor clima para que esto suceda, adaptando y desarrollando los ejercicios necesarios para lograrlo.<\/p>\n<p>[\/service]<\/p>\n<p>[\/column2]<\/p>\n<p>[column3]<\/p>\n<p>[service type=&#8221;top&#8221; title=&#8221;Calidad&#8221;]<\/p>\n<h5>Calidad<\/h5>\n<p>La calidad es el desaf\u00edo continuo de RSP, todo el proceso de desarrollo y aprendizaje gira entorno a mejorar la calidad del trabajo y optimizar el esfuerzo de la persona.<\/p>\n<p>[\/service]<\/p>\n<p>[\/column3]<\/p>\n<p>[\/three_columns]<\/p>\n<p>[\/tab]<\/p>\n<p>[tab id=3]<br \/>\n<br \/>\n[three_columns]<\/p>\n<p>[column1]<\/p>\n<p>[service type=&#8221;top&#8221; title=&#8221;Trabajo&#8221;]<\/p>\n<h5 style=\"text-align: left;\">Trabajo a largo plazo<\/h5>\n<p>Inculcar una serie de h\u00e1bitos saludables en el terreno deportivo que permita a las personas descubrir  su capacidad de mejora a la vez que reducimos el riesgo de lesi\u00f3n y mejoramos su calidad de vida. <\/p>\n<p>[\/service]<\/p>\n<p>[\/column1]<\/p>\n<p>[column2]<\/p>\n<p>[service type=&#8221;top&#8221; title=&#8221;Adaptaci\u00f3n&#8221;]<\/p>\n<h5>Adaptaci\u00f3n a las necesidades<\/h5>\n<p>El entrenamiento como proceso est\u00e1 sujeto a una serie de reglas que deben ser respetadas y a su vez, el proceso debe de estar orientado y definido hacia la persona, sus necesidades y su estado de forma actual. El proceso correcto produce el resultado correcto.<\/p>\n<p>[\/service]<\/p>\n<p>[\/column2]<\/p>\n<p>[column3]<\/p>\n<p>[service type=&#8221;top&#8221; title=&#8221;Reflexi\u00f3n&#8221;]<\/p>\n<h5>Reflexi\u00f3n continuada<\/h5>\n<p>RSP cuenta con los medios de entrenamiento m\u00e1s avanzados hoy en d\u00eda para mejorara el nivel de rendimiento de sus usuarios. Depender\u00e1 de las necesidades y del nivel inicial de la persona el dise\u00f1o que se realice para comenzar a entrenar.<br \/>\n[\/service]<\/p>\n<p>[\/column3]<\/p>\n<p>[\/three_columns]<\/p>\n<p>[\/tab]<\/p>\n<p>[tab id=4]<br \/>\n<br \/>\n[three_columns]<\/p>\n<p>[column1]<\/p>\n<p>[service type=&#8221;top&#8221; title=&#8221;Movimiento&#8221;]<\/p>\n<h5>Movimiento<\/h5>\n<p>Siempre trabajamos a trav\u00e9s del movimiento, dise\u00f1ando secuencias apropiadas para mejorar del rendimiento. El movimiento est\u00e1 presente en todas las tareas diarias del ser humano, para mejorar debemos adoptar aquellos movimientos m\u00e1s apropiados e introducirlos en nuestras rutinas diarias reduciendo as\u00ed el riesgo de lesi\u00f3n.<\/p>\n<p>[\/service]<\/p>\n<p>[\/column1]<\/p>\n<p>[column2]<\/p>\n<p>[service type=&#8221;top&#8221; title=&#8221;Aprendizaje&#8221;]<\/p>\n<h5>Aprendizaje<\/h5>\n<p>Estos movimientos est\u00e1n  bajo el paraguas de las distintas ciencias que estudian todo lo relacionado con el cuerpo humano. Buscamos a trav\u00e9s de un proceso de aprendizaje continuo que la persona vaya adquiriendo este modelo, con las excepciones propias de cada individuo y adaptandonos sus peque\u00f1as particularidades o dolencias.<\/p>\n<p>[\/service]<\/p>\n<p>[\/column2]<\/p>\n<p>[column3]<\/p>\n<p>[service type=&#8221;top&#8221; title=&#8221;Fuerza&#8221;]<\/p>\n<h5>Fuerza<\/h5>\n<p>La mejora de la fuerza es la base del trabajo en RSP, ya que va a significar una mejora notable a nivel postural, a nivel vital y la reducci\u00f3n del riesgo de lesi\u00f3n o da\u00f1o articular. La fuerza es una capacidad que merma con el paso del tiempo y la inactividad, por ello el alcanzar unos niveles de fuerza medios nos asegura la actividad y el mejor paso de los a\u00f1os.<\/p>\n<p>[\/service]<\/p>\n<p>[\/column3]<\/p>\n<p>[\/three_columns]<br \/>\n[\/tab]<\/p>\n<p>[tab id=5]<\/p>\n<h5>RSP trabaja todo aquello que est\u00e1 relacionado con el cuerpo humano desde el movimiento.<\/h5>\n<p>[separator up=&#8221;25&#8243; down=&#8221;30&#8243;]<\/p>\n<h4>Servicios<\/h4>\n<p>[separator_small color=&#8221; thickness=&#8221; up=&#8221; down=&#8221;]<br \/>\n[ordered_list]<\/p>\n<ol>\n<li><strong>Puesta en forma general:<\/strong> Mejorar el nivel de rendimiento de nuestro cuerpo de manera que nos permita mantener un estado de salud \u00f3ptimo y adquirir uno h\u00e1bitos saludables que mejoren nuestra calidad de vida.<\/li>\n<li><strong>Recuperaci\u00f3n de lesiones:<\/strong> Se estudia cada caso en detalle y se establece un proceso individualizado buscando por un lado la calidad en la recuperaci\u00f3n, y por otro modificar el esquema de movimientos de la persona para minimizar en el futuro, posibles reca\u00eddas.<\/li>\n<li><strong>Programas de entrenamiento competitivo:<\/strong> En este caso se establecen una serie de objetivos de rendimiento y una programaci\u00f3n para alcanzarlos. A partir de este momento RSP trabajar\u00e1 para que esto suceda.<\/li>\n<li><strong>Dise\u00f1o y equipamiento de espacios para la pr\u00e1ctica deportiva:<\/strong> RSP trabaja de manera independiente sin estar asociado a ninguna marca, eligiendo aquel material que considera m\u00e1s adecuado en funci\u00f3n del uso que proyectado y del presupuesto disponible.<\/li>\n<li><strong>Colaboraci\u00f3n:<\/strong> RSP trabaja hasta donde puede, en caso de no poder aportar la soluci\u00f3n, cuenta con colaboradores especialista en las diversas \u00e1reas relacionadas con el cuerpo humano, que tratar\u00e1n de solucionar el problema.<\/li>\n<\/ol>\n<p>[\/ordered_list]<br \/>\n[separator up=&#8221;30&#8243; down=&#8221;25&#8243;]<\/p>\n<h5>RSP trata de aportar calidad en todos los procesos del trabajo, optimizando el tiempo de entrenamiento y utilizando los recursos m\u00e1s adecuados para mejorar.<\/h5>\n<p>[\/tab]<br \/>\n[\/tabs]<\/p>\n","protected":false},"excerpt":{"rendered":"<p>[slider type=&#8221;big1&#8243; id=&#8221;1&#8243;] [separator up=&#8221;30&#8243; down=&#8221;25&#8243;] [tabs tab1=&#8221;Quienes somos&#8221; tab2=&#8221;Principios RSP&#8221; tab3=&#8221;Estructura del trabajo&#8221; tab4=&#8221;Metodo de trabajo&#8221; tab5=&#8221;Que ofrecemos&#8221;] [tab id=1] [three_columns] [column1] [service type=&#8221;top&#8221; title=&#8221;RSP&#8221;] Rsport performance RSP es un centro de entrenamiento que tiene como objetivo mejorar las capacidades f\u00edsicas de sus usuarios. Utilizamos para ello las l\u00edneas m\u00e1s actuales de entrenamiento deportivo [&hellip;]<\/p>\n","protected":false},"author":1,"featured_media":0,"parent":0,"menu_order":0,"comment_status":"open","ping_status":"open","template":"","meta":[],"yoast_head":"<!-- This site is optimized with the Yoast SEO plugin v15.8 - https:\/\/yoast.com\/wordpress\/plugins\/seo\/ -->\n<title>TRAINING - RSP. Tecnolog\u00eda inercial<\/title>\n<meta name=\"robots\" content=\"index, follow, max-snippet:-1, max-image-preview:large, max-video-preview:-1\" \/>\n<link rel=\"canonical\" href=\"https:\/\/einercial.com\/en\/entrenamiento\/\" \/>\n<meta property=\"og:locale\" content=\"en_US\" \/>\n<meta property=\"og:type\" content=\"article\" \/>\n<meta property=\"og:title\" content=\"TRAINING - RSP. Tecnolog\u00eda inercial\" \/>\n<meta property=\"og:description\" content=\"[slider type=&#8221;big1&#8243; id=&#8221;1&#8243;] [separator up=&#8221;30&#8243; down=&#8221;25&#8243;] [tabs tab1=&#8221;Quienes somos&#8221; tab2=&#8221;Principios RSP&#8221; tab3=&#8221;Estructura del trabajo&#8221; tab4=&#8221;Metodo de trabajo&#8221; tab5=&#8221;Que ofrecemos&#8221;] [tab id=1] [three_columns] [column1] [service type=&#8221;top&#8221; title=&#8221;RSP&#8221;] Rsport performance RSP es un centro de entrenamiento que tiene como objetivo mejorar las capacidades f\u00edsicas de sus usuarios. Utilizamos para ello las l\u00edneas m\u00e1s actuales de entrenamiento deportivo [&hellip;]\" \/>\n<meta property=\"og:url\" content=\"https:\/\/einercial.com\/en\/entrenamiento\/\" \/>\n<meta property=\"og:site_name\" content=\"RSP. Tecnolog\u00eda inercial\" \/>\n<meta property=\"article:modified_time\" content=\"2015-02-12T16:57:08+00:00\" \/>\n<meta name=\"twitter:card\" content=\"summary_large_image\" \/>\n<meta name=\"twitter:label1\" content=\"Est. reading time\">\n\t<meta name=\"twitter:data1\" content=\"5 minutes\">\n<script type=\"application\/ld+json\" class=\"yoast-schema-graph\">{\"@context\":\"https:\/\/schema.org\",\"@graph\":[{\"@type\":\"Organization\",\"@id\":\"https:\/\/einercial.com\/#organization\",\"name\":\"RSP Inercial Performance\",\"url\":\"https:\/\/einercial.com\/\",\"sameAs\":[],\"logo\":{\"@type\":\"ImageObject\",\"@id\":\"https:\/\/einercial.com\/#logo\",\"inLanguage\":\"en-US\",\"url\":\"https:\/\/einercial.com\/wp-content\/uploads\/2017\/09\/LOGO_300.png\",\"width\":300,\"height\":162,\"caption\":\"RSP Inercial Performance\"},\"image\":{\"@id\":\"https:\/\/einercial.com\/#logo\"}},{\"@type\":\"WebSite\",\"@id\":\"https:\/\/einercial.com\/#website\",\"url\":\"https:\/\/einercial.com\/\",\"name\":\"RSP. Tecnolog\\u00eda inercial\",\"description\":\"Fabricante de M\\u00e1quinas inerciales (isoinercial)\",\"publisher\":{\"@id\":\"https:\/\/einercial.com\/#organization\"},\"potentialAction\":[{\"@type\":\"SearchAction\",\"target\":\"https:\/\/einercial.com\/?s={search_term_string}\",\"query-input\":\"required name=search_term_string\"}],\"inLanguage\":\"en-US\"},{\"@type\":\"WebPage\",\"@id\":\"https:\/\/einercial.com\/en\/entrenamiento\/#webpage\",\"url\":\"https:\/\/einercial.com\/en\/entrenamiento\/\",\"name\":\"TRAINING - RSP. Tecnolog\\u00eda inercial\",\"isPartOf\":{\"@id\":\"https:\/\/einercial.com\/#website\"},\"datePublished\":\"2014-03-02T18:24:21+00:00\",\"dateModified\":\"2015-02-12T16:57:08+00:00\",\"breadcrumb\":{\"@id\":\"https:\/\/einercial.com\/en\/entrenamiento\/#breadcrumb\"},\"inLanguage\":\"en-US\",\"potentialAction\":[{\"@type\":\"ReadAction\",\"target\":[\"https:\/\/einercial.com\/en\/entrenamiento\/\"]}]},{\"@type\":\"BreadcrumbList\",\"@id\":\"https:\/\/einercial.com\/en\/entrenamiento\/#breadcrumb\",\"itemListElement\":[{\"@type\":\"ListItem\",\"position\":1,\"item\":{\"@type\":\"WebPage\",\"@id\":\"https:\/\/einercial.com\/en\/home\/\",\"url\":\"https:\/\/einercial.com\/en\/home\/\",\"name\":\"Home\"}},{\"@type\":\"ListItem\",\"position\":2,\"item\":{\"@type\":\"WebPage\",\"@id\":\"https:\/\/einercial.com\/en\/entrenamiento\/\",\"url\":\"https:\/\/einercial.com\/en\/entrenamiento\/\",\"name\":\"TRAINING\"}}]}]}<\/script>\n<!-- \/ Yoast SEO plugin. -->","_links":{"self":[{"href":"https:\/\/einercial.com\/en\/wp-json\/wp\/v2\/pages\/4948"}],"collection":[{"href":"https:\/\/einercial.com\/en\/wp-json\/wp\/v2\/pages"}],"about":[{"href":"https:\/\/einercial.com\/en\/wp-json\/wp\/v2\/types\/page"}],"author":[{"embeddable":true,"href":"https:\/\/einercial.com\/en\/wp-json\/wp\/v2\/users\/1"}],"replies":[{"embeddable":true,"href":"https:\/\/einercial.com\/en\/wp-json\/wp\/v2\/comments?post=4948"}],"version-history":[{"count":0,"href":"https:\/\/einercial.com\/en\/wp-json\/wp\/v2\/pages\/4948\/revisions"}],"wp:attachment":[{"href":"https:\/\/einercial.com\/en\/wp-json\/wp\/v2\/media?parent=4948"}],"curies":[{"name":"wp","href":"https:\/\/api.w.org\/{rel}","templated":true}]}}