{"id":4946,"date":"2013-01-24T09:30:59","date_gmt":"2013-01-24T08:30:59","guid":{"rendered":"https:\/\/einercial.com\/contacto-2\/"},"modified":"2022-06-20T11:20:28","modified_gmt":"2022-06-20T09:20:28","slug":"contacto","status":"publish","type":"page","link":"https:\/\/einercial.com\/en\/contacto\/","title":{"rendered":"CONTACT"},"content":{"rendered":"<div id='av_section_1'  class='avia-section main_color avia-section-small avia-no-border-styling  avia-bg-style-scroll  avia-builder-el-0  avia-builder-el-no-sibling   container_wrap fullsize' style=' '  ><div class='container' ><main  role=\"main\" itemprop=\"mainContentOfPage\"  class='template-page content  av-content-full alpha units'><div class='post-entry post-entry-type-page post-entry-4946'><div class='entry-content-wrapper clearfix'>\n<div  style='padding-bottom:10px; font-size:20px;' class='av-special-heading av-special-heading-h1  blockquote modern-quote  avia-builder-el-1  el_before_av_hr  avia-builder-el-first  av-inherit-size '><h1 class='av-special-heading-tag '  itemprop=\"headline\"  >CONTACT \/ More information about our Products and Services<\/h1><div class='special-heading-border'><div class='special-heading-inner-border' ><\/div><\/div><\/div>\n<div  style=' margin-top:0px; margin-bottom:20px;'  class='hr hr-custom hr-left hr-icon-no   avia-builder-el-2  el_after_av_heading  el_before_av_one_third '><span class='hr-inner  inner-border-av-border-thin' style=' width:100%; border-color:#acacac;' ><span class='hr-inner-style'><\/span><\/span><\/div>\n<div class=\"flex_column av_one_third  flex_column_div first  avia-builder-el-3  el_after_av_hr  el_before_av_two_third  \" style='padding:25px; background-color:#f8f8f8; border-radius:0px; '><p><div  style='height:1px; margin-top:0px'  class='hr hr-invisible   avia-builder-el-4  el_before_av_heading  avia-builder-el-first '><span class='hr-inner ' ><span class='hr-inner-style'><\/span><\/span><\/div><br \/>\n<div  style='padding-bottom:10px; ' class='av-special-heading av-special-heading-h3  blockquote modern-quote  avia-builder-el-5  el_after_av_hr  el_before_av_hr  '><h3 class='av-special-heading-tag '  itemprop=\"headline\"  >RSPORT PERFORMANCE<\/h3><div class='special-heading-border'><div class='special-heading-inner-border' ><\/div><\/div><\/div><br \/>\n<div  style=' margin-top:0px; margin-bottom:0px;'  class='hr hr-custom hr-left hr-icon-no   avia-builder-el-6  el_after_av_heading  el_before_av_textblock '><span class='hr-inner  inner-border-av-border-thin' style=' width:35%; border-color:#acacac;' ><span class='hr-inner-style'><\/span><\/span><\/div><br \/>\n<section class=\"av_textblock_section \"  itemscope=\"itemscope\" itemtype=\"https:\/\/schema.org\/CreativeWork\" ><div class='avia_textblock  '   itemprop=\"text\" ><p>Fill in the contact form to request more information about our products and services or if you want to communicate any comments, suggestions or incidence. We will respond immediately.<br \/>\nThank you for your interest in our products.<\/p>\n<\/div><\/section><br \/>\n<div  style='padding-bottom:10px; ' class='av-special-heading av-special-heading-h3  blockquote modern-quote  avia-builder-el-8  el_after_av_textblock  el_before_av_hr  '><h3 class='av-special-heading-tag '  itemprop=\"headline\"  >DIRECT CONTACT<\/h3><div class='special-heading-border'><div class='special-heading-inner-border' ><\/div><\/div><\/div><br \/>\n<div  style=' margin-top:0px; margin-bottom:0px;'  class='hr hr-custom hr-left hr-icon-no   avia-builder-el-9  el_after_av_heading  el_before_av_textblock '><span class='hr-inner  inner-border-av-border-thin' style=' width:35%; border-color:#acacac;' ><span class='hr-inner-style'><\/span><\/span><\/div><br \/>\n<section class=\"av_textblock_section \"  itemscope=\"itemscope\" itemtype=\"https:\/\/schema.org\/CreativeWork\" ><div class='avia_textblock  '   itemprop=\"text\" ><p>PHONE: +34 659 910 685<br \/>\nADDRESS: Camino de P\u00edas, 2. 36370 Nigr\u00e1n (Pontevedra, Espa\u00f1a)<br \/>\nEMAIL:\u00a0<a href=\"mailto:info@einercial.com\">info@einercial.com<\/a><\/p>\n<\/div><\/section><\/p><\/div><div class=\"flex_column av_two_third  flex_column_div av-zero-column-padding   avia-builder-el-11  el_after_av_one_third  el_before_av_hr  \" style='border-radius:0px; '><section class=\"av_textblock_section \"  itemscope=\"itemscope\" itemtype=\"https:\/\/schema.org\/CreativeWork\" ><div class='avia_textblock  '   itemprop=\"text\" >\n                <div class='gf_browser_gecko gform_wrapper' id='gform_wrapper_1' ><div id='gf_1' class='gform_anchor' tabindex='-1'><\/div><form method='post' enctype='multipart\/form-data' target='gform_ajax_frame_1' id='gform_1'  action='\/en\/wp-json\/wp\/v2\/pages\/4946#gf_1'>\n                        <div class='gform_body'><ul id='gform_fields_1' class='gform_fields top_label form_sublabel_below description_below'><li id='field_1_9'  class='gfield gfield_contains_required field_sublabel_below field_description_below gfield_visibility_visible' ><label class='gfield_label' for='input_1_9' >Nombre \/ Name<span class='gfield_required'>*<\/span><\/label><div class='ginput_container ginput_container_text'><input name='input_9' id='input_1_9' type='text' value='' class='large'     aria-required=\"true\" aria-invalid=\"false\" \/><\/div><\/li><li id='field_1_10'  class='gfield gfield_contains_required field_sublabel_below field_description_below gfield_visibility_visible' ><label class='gfield_label' for='input_1_10' >Apellidos \/ Surname<span class='gfield_required'>*<\/span><\/label><div class='ginput_container ginput_container_text'><input name='input_10' id='input_1_10' type='text' value='' class='large'     aria-required=\"true\" aria-invalid=\"false\" \/><\/div><\/li><li id='field_1_2'  class='gfield gfield_contains_required field_sublabel_above field_description_above gfield_visibility_visible' ><label class='gfield_label gfield_label_before_complex'  >Email<span class='gfield_required'>*<\/span><\/label><div class='ginput_complex ginput_container ginput_container_email' id='input_1_2_container'>\n                                <span id='input_1_2_1_container' class='ginput_left'>\n                                    <label for='input_1_2'>Enter Email<\/label>\n                                    <input class='' type='text' name='input_2' id='input_1_2' value=''    aria-required=\"true\" aria-invalid=\"false\"\/>\n                                <\/span>\n                                <span id='input_1_2_2_container' class='ginput_right'>\n                                    <label for='input_1_2_2' >Confirm Email<\/label>\n                                    <input class='' type='text' name='input_2_2' id='input_1_2_2' value=''    aria-required=\"true\" aria-invalid=\"false\"\/>\n                                <\/span>\n                                <div class='gf_clear gf_clear_complex'><\/div>\n                            <\/div><\/li><li id='field_1_3'  class='gfield field_sublabel_below field_description_below gfield_visibility_visible' ><label class='gfield_label' for='input_1_3' >Tel\u00e9fono \/ Phone (opcional)<\/label><div class='ginput_container ginput_container_phone'><input name='input_3' id='input_1_3' type='text' value='' class='large'    aria-invalid=\"false\"  \/><\/div><\/li><li id='field_1_14'  class='gfield gfield_contains_required field_sublabel_below field_description_above gfield_visibility_visible' ><label class='gfield_label' for='input_1_14' >Tu inter\u00e9s \/ Your interest<span class='gfield_required'>*<\/span><\/label><div class='gfield_description' id='gfield_description_1_14'>Ay\u00fadanos seleccionando tu motivo de contacto para hacer m\u00e1s eficaz la contestaci\u00f3n. \/ Help us selecting your contact reason to make the answer more effective.\n<\/div><div class='ginput_container ginput_container_select'><select name='input_14' id='input_1_14' class='large gfield_select'   aria-required=\"true\" aria-invalid=\"false\"><option value='RSP Conic' >RSP Conic<\/option><option value='RSP Conic Pro' >RSP Conic Pro<\/option><option value='RSP Squat' >RSP Squat<\/option><option value='RSP Wall' >RSP Wall<\/option><option value='RSP Encoder' >RSP Encoder<\/option><option value='RSP Isquio' >RSP Isquio<\/option><option value='RSP Row' >RSP Row<\/option><option value='RSP Kayak' >RSP Kayak<\/option><option value='RSP Kayak Portable' >RSP Kayak Portable<\/option><option value='RSP Conic Racket' >RSP Conic Racket<\/option><option value='Otros \/ Others' >Otros \/ Others<\/option><\/select><\/div><\/li><li id='field_1_4'  class='gfield gfield_contains_required field_sublabel_below field_description_below gfield_visibility_visible' ><label class='gfield_label' for='input_1_4' >Tu mensaje \/ Message<span class='gfield_required'>*<\/span><\/label><div class='ginput_container ginput_container_textarea'><textarea name='input_4' id='input_1_4' class='textarea medium'     aria-required=\"true\" aria-invalid=\"false\"   rows='10' cols='50'><\/textarea><\/div><\/li><li id='field_1_12'  class='gfield gform_hidden field_sublabel_below field_description_below gfield_visibility_visible' ><input name='input_12' id='input_1_12' type='hidden' class='gform_hidden'  aria-invalid=\"false\" value='23\/04\/2026' \/><\/li><li id='field_1_7'  class='gfield gfield_contains_required field_sublabel_below field_description_below gfield_visibility_visible' ><label class='gfield_label'  >Pol\u00edtica de Privacidad \/ Privacy Policy<span class='gfield_required'>*<\/span><\/label><div class='ginput_container ginput_container_checkbox'><ul class='gfield_checkbox' id='input_1_7'><li class='gchoice_1_7_1'>\n\t\t\t\t\t\t\t\t<input name='input_7.1' type='checkbox'  value='Acepto la &lt;a href=&quot;http:\/\/einercial.com\/politica-de-privacidad\/&quot; target=&quot;_blank&quot;&gt;Pol\u00edtica de Privacidad&lt;\/a&gt; \/ I accept the &lt;a href=&quot;https:\/\/einercial.com\/en\/privacy-policy\/&quot; target=&quot;_blank&quot;&gt;Privacy Policy&lt;\/a&gt;'  id='choice_1_7_1'   \/>\n\t\t\t\t\t\t\t\t<label for='choice_1_7_1' id='label_1_7_1'>Acepto la <a href=\"http:\/\/einercial.com\/politica-de-privacidad\/\" target=\"_blank\" rel=\"noopener\">Pol\u00edtica de Privacidad<\/a> \/ I accept the <a href=\"https:\/\/einercial.com\/en\/privacy-policy\/\" target=\"_blank\">Privacy Policy<\/a><\/label>\n\t\t\t\t\t\t\t<\/li><\/ul><\/div><\/li><li id='field_1_15'  class='gfield gform_validation_container field_sublabel_below field_description_below gfield_visibility_visible' ><label class='gfield_label' for='input_1_15' >Comments<\/label><div class='ginput_container'><input name='input_15' id='input_1_15' type='text' value='' \/><\/div><div class='gfield_description' id='gfield_description_1_15'>This field is for validation purposes and should be left unchanged.<\/div><\/li>\n                            <\/ul><\/div>\n        <div class='gform_footer top_label'> <input type='submit' id='gform_submit_button_1' class='gform_button button' value='Enviar \/ Send'  onclick='if(window[\"gf_submitting_1\"]){return false;}  window[\"gf_submitting_1\"]=true;  ' onkeypress='if( event.keyCode == 13 ){ if(window[\"gf_submitting_1\"]){return false;} window[\"gf_submitting_1\"]=true;  jQuery(\"#gform_1\").trigger(\"submit\",[true]); }' \/> <input type='hidden' name='gform_ajax' value='form_id=1&amp;title=&amp;description=&amp;tabindex=0' \/>\n            <input type='hidden' class='gform_hidden' name='is_submit_1' value='1' \/>\n            <input type='hidden' class='gform_hidden' name='gform_submit' value='1' \/>\n            \n            <input type='hidden' class='gform_hidden' name='gform_unique_id' value='' \/>\n            <input type='hidden' class='gform_hidden' name='state_1' value='WyJbXSIsImM3NWI0MDI5MWY2Y2ZkOTVkYTYyMjkzZDJlMTUyYzdiIl0=' \/>\n            <input type='hidden' class='gform_hidden' name='gform_target_page_number_1' id='gform_target_page_number_1' value='0' \/>\n            <input type='hidden' class='gform_hidden' name='gform_source_page_number_1' id='gform_source_page_number_1' value='1' \/>\n            <input type='hidden' name='gform_field_values' value='' \/>\n            \n        <\/div>\n                        <\/form>\n                        <\/div>\n                <iframe style='display:none;width:0px;height:0px;' src='about:blank' name='gform_ajax_frame_1' id='gform_ajax_frame_1' title='This iframe contains the logic required to handle Ajax powered Gravity Forms.'><\/iframe>\n                <script type='text\/javascript'>jQuery(document).ready(function($){gformInitSpinner( 1, 'https:\/\/einercial.com\/wp-content\/plugins\/gravityforms\/images\/spinner.gif' );jQuery('#gform_ajax_frame_1').on('load',function(){var contents = jQuery(this).contents().find('*').html();var is_postback = contents.indexOf('GF_AJAX_POSTBACK') >= 0;if(!is_postback){return;}var form_content = jQuery(this).contents().find('#gform_wrapper_1');var is_confirmation = jQuery(this).contents().find('#gform_confirmation_wrapper_1').length > 0;var is_redirect = contents.indexOf('gformRedirect(){') >= 0;var is_form = form_content.length > 0 && ! is_redirect && ! is_confirmation;var mt = parseInt(jQuery('html').css('margin-top'), 10) + parseInt(jQuery('body').css('margin-top'), 10) + 100;if(is_form){jQuery('#gform_wrapper_1').html(form_content.html());if(form_content.hasClass('gform_validation_error')){jQuery('#gform_wrapper_1').addClass('gform_validation_error');} else {jQuery('#gform_wrapper_1').removeClass('gform_validation_error');}setTimeout( function() { \/* delay the scroll by 50 milliseconds to fix a bug in chrome *\/ jQuery(document).scrollTop(jQuery('#gform_wrapper_1').offset().top - mt); }, 50 );if(window['gformInitDatepicker']) {gformInitDatepicker();}if(window['gformInitPriceFields']) {gformInitPriceFields();}var current_page = jQuery('#gform_source_page_number_1').val();gformInitSpinner( 1, 'https:\/\/einercial.com\/wp-content\/plugins\/gravityforms\/images\/spinner.gif' );jQuery(document).trigger('gform_page_loaded', [1, current_page]);window['gf_submitting_1'] = false;}else if(!is_redirect){var confirmation_content = jQuery(this).contents().find('.GF_AJAX_POSTBACK').html();if(!confirmation_content){confirmation_content = contents;}setTimeout(function(){jQuery('#gform_wrapper_1').replaceWith(confirmation_content);jQuery(document).scrollTop(jQuery('#gf_1').offset().top - mt);jQuery(document).trigger('gform_confirmation_loaded', [1]);window['gf_submitting_1'] = false;}, 50);}else{jQuery('#gform_1').append(contents);if(window['gformRedirect']) {gformRedirect();}}jQuery(document).trigger('gform_post_render', [1, current_page]);} );} );<\/script><script type='text\/javascript'> jQuery(document).bind('gform_post_render', function(event, formId, currentPage){if(formId == 1) {jQuery(document).ready(function(){ $wrapper = jQuery(\"#gform_wrapper_1\"); $wrapper.find(\".gf_icon_after .gfsp_icon\").each(function() { jQuery(this).next().after(this); });  $wrapper.find(\".gf_icon_after .ginput_container_date .gfsp_icon, .gf_icon_after .ginput_container_time .gfsp_icon\").each(function() { jQuery(this).closest(\".ginput_container\").siblings(\":last\").find(\"input, select\").after(this); }) });} } );jQuery(document).bind('gform_post_conditional_logic', function(event, formId, fields, isInit){} );<\/script><script type='text\/javascript'> jQuery(document).ready(function(){jQuery(document).trigger('gform_post_render', [1, 1]) } ); <\/script>\n<\/div><\/section><\/div><div  style='height:50px' class='hr hr-invisible   avia-builder-el-13  el_after_av_two_third  avia-builder-el-last '><span class='hr-inner ' ><span class='hr-inner-style'><\/span><\/span><\/div>\n\n","protected":false},"excerpt":{"rendered":"","protected":false},"author":1,"featured_media":0,"parent":0,"menu_order":0,"comment_status":"closed","ping_status":"closed","template":"","meta":[],"yoast_head":"<!-- This site is optimized with the Yoast SEO plugin v15.8 - https:\/\/yoast.com\/wordpress\/plugins\/seo\/ -->\n<title>CONTACT - RSP. Tecnolog\u00eda inercial<\/title>\n<meta name=\"robots\" content=\"index, follow, max-snippet:-1, max-image-preview:large, max-video-preview:-1\" \/>\n<link rel=\"canonical\" href=\"https:\/\/einercial.com\/en\/contacto\/\" \/>\n<meta property=\"og:locale\" content=\"en_US\" \/>\n<meta property=\"og:type\" content=\"article\" \/>\n<meta property=\"og:title\" content=\"CONTACT - RSP. Tecnolog\u00eda inercial\" \/>\n<meta property=\"og:url\" content=\"https:\/\/einercial.com\/en\/contacto\/\" \/>\n<meta property=\"og:site_name\" content=\"RSP. Tecnolog\u00eda inercial\" \/>\n<meta property=\"article:modified_time\" content=\"2022-06-20T09:20:28+00:00\" \/>\n<meta name=\"twitter:card\" content=\"summary_large_image\" \/>\n<meta name=\"twitter:label1\" content=\"Est. reading time\">\n\t<meta name=\"twitter:data1\" content=\"4 minutes\">\n<script type=\"application\/ld+json\" class=\"yoast-schema-graph\">{\"@context\":\"https:\/\/schema.org\",\"@graph\":[{\"@type\":\"Organization\",\"@id\":\"https:\/\/einercial.com\/#organization\",\"name\":\"RSP Inercial Performance\",\"url\":\"https:\/\/einercial.com\/\",\"sameAs\":[],\"logo\":{\"@type\":\"ImageObject\",\"@id\":\"https:\/\/einercial.com\/#logo\",\"inLanguage\":\"en-US\",\"url\":\"https:\/\/einercial.com\/wp-content\/uploads\/2017\/09\/LOGO_300.png\",\"width\":300,\"height\":162,\"caption\":\"RSP Inercial Performance\"},\"image\":{\"@id\":\"https:\/\/einercial.com\/#logo\"}},{\"@type\":\"WebSite\",\"@id\":\"https:\/\/einercial.com\/#website\",\"url\":\"https:\/\/einercial.com\/\",\"name\":\"RSP. Tecnolog\\u00eda inercial\",\"description\":\"Fabricante de M\\u00e1quinas inerciales (isoinercial)\",\"publisher\":{\"@id\":\"https:\/\/einercial.com\/#organization\"},\"potentialAction\":[{\"@type\":\"SearchAction\",\"target\":\"https:\/\/einercial.com\/?s={search_term_string}\",\"query-input\":\"required name=search_term_string\"}],\"inLanguage\":\"en-US\"},{\"@type\":\"WebPage\",\"@id\":\"https:\/\/einercial.com\/en\/contacto\/#webpage\",\"url\":\"https:\/\/einercial.com\/en\/contacto\/\",\"name\":\"CONTACT - RSP. Tecnolog\\u00eda inercial\",\"isPartOf\":{\"@id\":\"https:\/\/einercial.com\/#website\"},\"datePublished\":\"2013-01-24T08:30:59+00:00\",\"dateModified\":\"2022-06-20T09:20:28+00:00\",\"breadcrumb\":{\"@id\":\"https:\/\/einercial.com\/en\/contacto\/#breadcrumb\"},\"inLanguage\":\"en-US\",\"potentialAction\":[{\"@type\":\"ReadAction\",\"target\":[\"https:\/\/einercial.com\/en\/contacto\/\"]}]},{\"@type\":\"BreadcrumbList\",\"@id\":\"https:\/\/einercial.com\/en\/contacto\/#breadcrumb\",\"itemListElement\":[{\"@type\":\"ListItem\",\"position\":1,\"item\":{\"@type\":\"WebPage\",\"@id\":\"https:\/\/einercial.com\/en\/home\/\",\"url\":\"https:\/\/einercial.com\/en\/home\/\",\"name\":\"Home\"}},{\"@type\":\"ListItem\",\"position\":2,\"item\":{\"@type\":\"WebPage\",\"@id\":\"https:\/\/einercial.com\/en\/contacto\/\",\"url\":\"https:\/\/einercial.com\/en\/contacto\/\",\"name\":\"CONTACT\"}}]}]}<\/script>\n<!-- \/ Yoast SEO plugin. -->","_links":{"self":[{"href":"https:\/\/einercial.com\/en\/wp-json\/wp\/v2\/pages\/4946"}],"collection":[{"href":"https:\/\/einercial.com\/en\/wp-json\/wp\/v2\/pages"}],"about":[{"href":"https:\/\/einercial.com\/en\/wp-json\/wp\/v2\/types\/page"}],"author":[{"embeddable":true,"href":"https:\/\/einercial.com\/en\/wp-json\/wp\/v2\/users\/1"}],"replies":[{"embeddable":true,"href":"https:\/\/einercial.com\/en\/wp-json\/wp\/v2\/comments?post=4946"}],"version-history":[{"count":3,"href":"https:\/\/einercial.com\/en\/wp-json\/wp\/v2\/pages\/4946\/revisions"}],"predecessor-version":[{"id":15665,"href":"https:\/\/einercial.com\/en\/wp-json\/wp\/v2\/pages\/4946\/revisions\/15665"}],"wp:attachment":[{"href":"https:\/\/einercial.com\/en\/wp-json\/wp\/v2\/media?parent=4946"}],"curies":[{"name":"wp","href":"https:\/\/api.w.org\/{rel}","templated":true}]}}